{"id":157,"date":"2025-07-31T16:59:26","date_gmt":"2025-07-31T16:59:26","guid":{"rendered":"https:\/\/shinyhit.com\/mi-cuenta\/"},"modified":"2025-10-10T15:41:12","modified_gmt":"2025-10-10T15:41:12","slug":"my-account","status":"publish","type":"page","link":"https:\/\/shinyhit.com\/en\/mi-cuenta\/","title":{"rendered":"My account"},"content":{"rendered":"<div data-elementor-type=\"wp-page\" data-elementor-id=\"157\" class=\"elementor elementor-157\" data-elementor-post-type=\"page\">\n\t\t\t\t<div class=\"elementor-element elementor-element-086606e e-flex e-con-boxed e-con e-parent\" data-id=\"086606e\" data-element_type=\"container\" data-e-type=\"container\" data-settings=\"{&quot;background_background&quot;:&quot;classic&quot;}\">\n\t\t\t\t\t<div class=\"e-con-inner\">\n\t\t\t\t<div class=\"elementor-element elementor-element-424b96e animated-slow elementor-invisible elementor-widget elementor-widget-heading\" data-id=\"424b96e\" data-element_type=\"widget\" data-e-type=\"widget\" data-settings=\"{&quot;_animation&quot;:&quot;fadeInUp&quot;}\" data-widget_type=\"heading.default\">\n\t\t\t\t<div class=\"elementor-widget-container\">\n\t\t\t\t\t<h1 class=\"elementor-heading-title elementor-size-default\">My account<\/h1>\t\t\t\t<\/div>\n\t\t\t\t<\/div>\n\t\t\t\t<div class=\"elementor-element elementor-element-d420b3a e-my-account-tabs-vertical elementor-widget elementor-widget-woocommerce-my-account\" data-id=\"d420b3a\" data-element_type=\"widget\" data-e-type=\"widget\" data-settings=\"{&quot;forms_buttons_hover_animation&quot;:&quot;shrink&quot;,&quot;tables_button_hover_animation&quot;:&quot;shrink&quot;}\" data-widget_type=\"woocommerce-my-account.default\">\n\t\t\t\t<div class=\"elementor-widget-container\">\n\t\t\t\t\t<div class=\"e-my-account-tab e-my-account-tab__\">\t\t\t<div class=\"woocommerce\"><\/div>\t\t<\/div>\n\t\t\t\t\t\t<\/div>\n\t\t\t\t<\/div>\n\t\t\t\t\t<\/div>\n\t\t\t\t<\/div>\n\t\t\t\t<\/div>","protected":false},"excerpt":{"rendered":"<p>Mi cuenta Escritorio Pedidos Descargas Direcciones Detalles de la cuenta Cerrar sesi\u00f3n Hola admin (\u00bfno eres admin? Cerrar sesi\u00f3n) Desde el escritorio de tu cuenta puedes ver tus pedidos recientes, gestionar tus direcciones de env\u00edo y facturaci\u00f3n y editar tu contrase\u00f1a y los detalles de tu cuenta.<\/p>","protected":false},"author":1,"featured_media":0,"parent":0,"menu_order":0,"comment_status":"closed","ping_status":"closed","template":"","meta":{"_acf_changed":false,"footnotes":""},"class_list":["post-157","page","type-page","status-publish","hentry"],"acf":[],"yoast_head":"<!-- This site is optimized with the Yoast SEO plugin v27.3 - https:\/\/yoast.com\/product\/yoast-seo-wordpress\/ -->\n<title>Mi cuenta | ShinyHit<\/title>\n<meta name=\"description\" content=\"Mi cuenta Escritorio Pedidos Descargas Direcciones Detalles de la cuenta Cerrar sesi\u00f3n Hola admin (\u00bfno eres admin? Cerrar sesi\u00f3n) Desde el escritorio de\" \/>\n<meta name=\"robots\" content=\"index, follow, max-snippet:-1, max-image-preview:large, max-video-preview:-1\" \/>\n<link rel=\"canonical\" href=\"https:\/\/shinyhit.com\/en\/my-account\/\" \/>\n<meta property=\"og:locale\" content=\"en_US\" \/>\n<meta property=\"og:type\" content=\"article\" \/>\n<meta property=\"og:title\" content=\"Mi cuenta | ShinyHit\" \/>\n<meta property=\"og:description\" content=\"Mi cuenta Escritorio Pedidos Descargas Direcciones Detalles de la cuenta Cerrar sesi\u00f3n Hola admin (\u00bfno eres admin? Cerrar sesi\u00f3n) Desde el escritorio de\" \/>\n<meta property=\"og:url\" content=\"https:\/\/shinyhit.com\/en\/my-account\/\" \/>\n<meta property=\"og:site_name\" content=\"ShinyHit\" \/>\n<meta property=\"article:modified_time\" content=\"2025-10-10T15:41:12+00:00\" \/>\n<meta name=\"twitter:card\" content=\"summary_large_image\" \/>\n<meta name=\"twitter:label1\" content=\"Est. reading time\" \/>\n\t<meta name=\"twitter:data1\" content=\"2 minutes\" \/>\n<script type=\"application\/ld+json\" class=\"yoast-schema-graph\">{\"@context\":\"https:\\\/\\\/schema.org\",\"@graph\":[{\"@type\":\"WebPage\",\"@id\":\"https:\\\/\\\/shinyhit.com\\\/mi-cuenta\\\/\",\"url\":\"https:\\\/\\\/shinyhit.com\\\/mi-cuenta\\\/\",\"name\":\"Mi cuenta | ShinyHit\",\"isPartOf\":{\"@id\":\"https:\\\/\\\/shinyhit.com\\\/#website\"},\"datePublished\":\"2025-07-31T16:59:26+00:00\",\"dateModified\":\"2025-10-10T15:41:12+00:00\",\"description\":\"Mi cuenta Escritorio Pedidos Descargas Direcciones Detalles de la cuenta Cerrar sesi\u00f3n Hola admin (\u00bfno eres admin? Cerrar sesi\u00f3n) Desde el escritorio de\",\"breadcrumb\":{\"@id\":\"https:\\\/\\\/shinyhit.com\\\/mi-cuenta\\\/#breadcrumb\"},\"inLanguage\":\"en-US\",\"potentialAction\":[{\"@type\":\"ReadAction\",\"target\":[\"https:\\\/\\\/shinyhit.com\\\/mi-cuenta\\\/\"]}]},{\"@type\":\"BreadcrumbList\",\"@id\":\"https:\\\/\\\/shinyhit.com\\\/mi-cuenta\\\/#breadcrumb\",\"itemListElement\":[{\"@type\":\"ListItem\",\"position\":1,\"name\":\"Punt Marketing\",\"item\":\"https:\\\/\\\/shinyhit.com\\\/\"},{\"@type\":\"ListItem\",\"position\":2,\"name\":\"Mi cuenta\"}]},{\"@type\":\"WebSite\",\"@id\":\"https:\\\/\\\/shinyhit.com\\\/#website\",\"url\":\"https:\\\/\\\/shinyhit.com\\\/\",\"name\":\"ShinyHit\",\"description\":\"Tienda de Pok\u00e9mon TCG\",\"publisher\":{\"@id\":\"https:\\\/\\\/shinyhit.com\\\/#organization\"},\"potentialAction\":[{\"@type\":\"SearchAction\",\"target\":{\"@type\":\"EntryPoint\",\"urlTemplate\":\"https:\\\/\\\/shinyhit.com\\\/?s={search_term_string}\"},\"query-input\":{\"@type\":\"PropertyValueSpecification\",\"valueRequired\":true,\"valueName\":\"search_term_string\"}}],\"inLanguage\":\"en-US\"},{\"@type\":\"Organization\",\"@id\":\"https:\\\/\\\/shinyhit.com\\\/#organization\",\"name\":\"ShinyHit\",\"url\":\"https:\\\/\\\/shinyhit.com\\\/\",\"logo\":{\"@type\":\"ImageObject\",\"inLanguage\":\"en-US\",\"@id\":\"https:\\\/\\\/shinyhit.com\\\/#\\\/schema\\\/logo\\\/image\\\/\",\"url\":\"https:\\\/\\\/shinyhit.com\\\/wp-content\\\/uploads\\\/2025\\\/09\\\/cropped-ShinyHit_horizontal_original.png\",\"contentUrl\":\"https:\\\/\\\/shinyhit.com\\\/wp-content\\\/uploads\\\/2025\\\/09\\\/cropped-ShinyHit_horizontal_original.png\",\"width\":1515,\"height\":405,\"caption\":\"ShinyHit\"},\"image\":{\"@id\":\"https:\\\/\\\/shinyhit.com\\\/#\\\/schema\\\/logo\\\/image\\\/\"}}]}<\/script>\n<!-- \/ Yoast SEO plugin. -->","yoast_head_json":{"title":"My account | ShinyHit","description":"My account Desktop Orders Downloads Directions Account details Log out Hello admin (not admin? Log out) From the desktop of","robots":{"index":"index","follow":"follow","max-snippet":"max-snippet:-1","max-image-preview":"max-image-preview:large","max-video-preview":"max-video-preview:-1"},"canonical":"https:\/\/shinyhit.com\/en\/my-account\/","og_locale":"en_US","og_type":"article","og_title":"Mi cuenta | ShinyHit","og_description":"Mi cuenta Escritorio Pedidos Descargas Direcciones Detalles de la cuenta Cerrar sesi\u00f3n Hola admin (\u00bfno eres admin? Cerrar sesi\u00f3n) Desde el escritorio de","og_url":"https:\/\/shinyhit.com\/en\/my-account\/","og_site_name":"ShinyHit","article_modified_time":"2025-10-10T15:41:12+00:00","twitter_card":"summary_large_image","twitter_misc":{"Est. reading time":"2 minutes"},"schema":{"@context":"https:\/\/schema.org","@graph":[{"@type":"WebPage","@id":"https:\/\/shinyhit.com\/mi-cuenta\/","url":"https:\/\/shinyhit.com\/mi-cuenta\/","name":"My account | ShinyHit","isPartOf":{"@id":"https:\/\/shinyhit.com\/#website"},"datePublished":"2025-07-31T16:59:26+00:00","dateModified":"2025-10-10T15:41:12+00:00","description":"My account Desktop Orders Downloads Directions Account details Log out Hello admin (not admin? Log out) From the desktop of","breadcrumb":{"@id":"https:\/\/shinyhit.com\/mi-cuenta\/#breadcrumb"},"inLanguage":"en-US","potentialAction":[{"@type":"ReadAction","target":["https:\/\/shinyhit.com\/mi-cuenta\/"]}]},{"@type":"BreadcrumbList","@id":"https:\/\/shinyhit.com\/mi-cuenta\/#breadcrumb","itemListElement":[{"@type":"ListItem","position":1,"name":"Punt Marketing","item":"https:\/\/shinyhit.com\/"},{"@type":"ListItem","position":2,"name":"Mi cuenta"}]},{"@type":"WebSite","@id":"https:\/\/shinyhit.com\/#website","url":"https:\/\/shinyhit.com\/","name":"ShinyHit","description":"Pok\u00e9mon TCG Store","publisher":{"@id":"https:\/\/shinyhit.com\/#organization"},"potentialAction":[{"@type":"SearchAction","target":{"@type":"EntryPoint","urlTemplate":"https:\/\/shinyhit.com\/?s={search_term_string}"},"query-input":{"@type":"PropertyValueSpecification","valueRequired":true,"valueName":"search_term_string"}}],"inLanguage":"en-US"},{"@type":"Organization","@id":"https:\/\/shinyhit.com\/#organization","name":"ShinyHit","url":"https:\/\/shinyhit.com\/","logo":{"@type":"ImageObject","inLanguage":"en-US","@id":"https:\/\/shinyhit.com\/#\/schema\/logo\/image\/","url":"https:\/\/shinyhit.com\/wp-content\/uploads\/2025\/09\/cropped-ShinyHit_horizontal_original.png","contentUrl":"https:\/\/shinyhit.com\/wp-content\/uploads\/2025\/09\/cropped-ShinyHit_horizontal_original.png","width":1515,"height":405,"caption":"ShinyHit"},"image":{"@id":"https:\/\/shinyhit.com\/#\/schema\/logo\/image\/"}}]}},"_links":{"self":[{"href":"https:\/\/shinyhit.com\/en\/wp-json\/wp\/v2\/pages\/157","targetHints":{"allow":["GET"]}}],"collection":[{"href":"https:\/\/shinyhit.com\/en\/wp-json\/wp\/v2\/pages"}],"about":[{"href":"https:\/\/shinyhit.com\/en\/wp-json\/wp\/v2\/types\/page"}],"author":[{"embeddable":true,"href":"https:\/\/shinyhit.com\/en\/wp-json\/wp\/v2\/users\/1"}],"replies":[{"embeddable":true,"href":"https:\/\/shinyhit.com\/en\/wp-json\/wp\/v2\/comments?post=157"}],"version-history":[{"count":3,"href":"https:\/\/shinyhit.com\/en\/wp-json\/wp\/v2\/pages\/157\/revisions"}],"predecessor-version":[{"id":586,"href":"https:\/\/shinyhit.com\/en\/wp-json\/wp\/v2\/pages\/157\/revisions\/586"}],"wp:attachment":[{"href":"https:\/\/shinyhit.com\/en\/wp-json\/wp\/v2\/media?parent=157"}],"curies":[{"name":"wp","href":"https:\/\/api.w.org\/{rel}","templated":true}]}}