{"id":21,"date":"2023-08-27T11:55:22","date_gmt":"2023-08-27T11:55:22","guid":{"rendered":"https:\/\/puntmarketing.com\/plantilla\/?page_id=21"},"modified":"2023-08-27T11:56:34","modified_gmt":"2023-08-27T11:56:34","slug":"legal-notice","status":"publish","type":"page","link":"https:\/\/shinyhit.com\/en\/aviso-legal\/","title":{"rendered":"Legal Notice"},"content":{"rendered":"<div data-elementor-type=\"wp-page\" data-elementor-id=\"21\" class=\"elementor elementor-21\" data-elementor-post-type=\"page\">\n\t\t\t\t<div class=\"elementor-element elementor-element-460c1ae e-flex e-con-boxed e-con e-parent\" data-id=\"460c1ae\" data-element_type=\"container\" data-e-type=\"container\">\n\t\t\t\t\t<div class=\"e-con-inner\">\n\t\t\t\t<div class=\"elementor-element elementor-element-ebc8e10 elementor-widget elementor-widget-text-editor\" data-id=\"ebc8e10\" data-element_type=\"widget\" data-e-type=\"widget\" data-widget_type=\"text-editor.default\">\n\t\t\t\t<div class=\"elementor-widget-container\">\n\t\t\t\t\t\t\t\t\t<p>This Legal Notice is intended to inform you of your rights and obligations as a user of this website. Here you will find all the information you need about this website, its activity, the personal data it collects and its purpose, as well as the rules of use that regulate the use of this website.\u00a0\u00a0<\/p><p>At the time you access this web site\u00a0<strong>(XYZ),<\/strong>\u00a0you assume the condition of user, so the content of this Legal Notice affects you directly. Therefore, it is important that you read it to dispel any doubts you may have and have knowledge of cause about the conditions you are accepting.\u00a0\u00a0\u00a0<\/p><p>To begin with, you should know that this website complies with current regulations on data protection, in order to provide you with the guarantees, security and transparency that, as a user, correspond to you when using this website.\u00a0<\/p><p>The<strong>RGPD<\/strong>(<strong>Regulation (EU) 2016\/679 of the European Parliament and of the Council of 27 April 2016 on the protection of natural persons.<\/strong>) which is the new European Union regulation that unifies the regulation of personal data processing in the different EU countries.\u00a0<\/p><p>The<strong>LOPD<\/strong>\u202f(<strong>Organic Law 15\/1999, of December 13, 1999, on Personal Data Protection.<\/strong>y<strong>Royal Decree 1720\/2007, of December 21, 2007, the Regulation implementing the LOPD.<\/strong>) that regulates the treatment of personal data and the obligations that those responsible for a website or blog must assume when managing this information.\u00a0<\/p><p>The<strong>LSSI<\/strong>\u202f(<strong>Law 34\/2002, of July 11, 2002, on Information Society Services and Electronic Commerce.<\/strong>) that regulates economic transactions through electronic means, as is the case of this blog.\u00a0<\/p><p><strong>IDENTIFICATION DATA\u00a0<\/strong>\u00a0<\/p><p>The responsible and owner of this website is\u00a0<strong>(XYZ)<\/strong>\u00a0<\/p><ul><li><strong>Name:<\/strong>\u00a0(XYZ)\u00a0<\/li><li><strong>TAX ID:<\/strong>\u00a0(XYZ)\u00a0<\/li><li><strong>Registered Office:<\/strong>\u00a0(XYZ)\u00a0<\/li><li><strong>Website activity<\/strong>XYZ-related content distribution, display advertising, and affiliate product referrals.\u00a0\u00a0<\/li><\/ul><ul><li><strong>E-mail address<\/strong>XYZ : XYZ\u00a0<\/li><\/ul><p>The data you provide us with your consent, and in accordance with the use established in our Privacy Policy, will be incorporated into an automated file duly registered with the Spanish Data Protection Agency, in which the person responsible for said file is: (<strong>XYZ)<\/strong><strong>.\u00a0<\/strong>This means that your data is secure, in accordance with the law.<strong>\u00a0<\/strong>\u00a0<\/p><p><strong>RULES FOR ACCESSING THE WEBSITE<\/strong>\u00a0<\/p><p>As a user of our website, you also have a number of obligations:\u00a0<\/p><p>You may not use this website to carry out activities contrary to law, morality, public order and, in general, to use it in accordance with the conditions set forth in this Legal Notice.\u00a0<\/p><p>You may not engage in advertising or commercial exploitation by sending messages using a false identity.\u00a0<\/p><p>You will be solely responsible for the truthfulness and accuracy of the content you enter on this website and the personal data you provide for the purposes set out in our Privacy Policy.\u00a0<\/p><p>You will also be solely responsible for the performance of any type of illegal, harmful, harmful and\/or damaging action in the sites of third parties to which we may refer you from this website for the development of our activity.\u00a0<\/p><p>As responsible for the website,\u00a0<strong>XYZ<\/strong>\u00a0may interrupt the service of the page being used by the user and immediately terminate the relationship if it detects a use of the website or any of the services offered therein that may be considered contrary to the provisions of this Legal Notice.\u00a0<\/p><p><strong>INTELLECTUAL AND INDUSTRIAL PROPERTY<\/strong>\u00a0<\/p><p>The entirety of this website (text, images, trademarks, graphics, logos, buttons, software files, color combinations, as well as the structure, selection, arrangement and presentation of its contents) is protected by the laws in force on Intellectual and Industrial Property, and its reproduction, distribution, public communication and transformation, except for personal and private use, is prohibited.\u00a0<\/p><p>As the owner of this website,<strong>\u00a0XYZ\u00a0<\/strong>does not warrant that the contents are accurate or error-free or that the free use of the contents by users will not infringe the rights of third parties. The good or bad use of this site and its contents is the responsibility of the user.\u00a0<\/p><p>It is also forbidden to reproduce, retransmit, copy, transfer or rebroadcast, in whole or in part, the information contained on the site, whatever its purpose and the means used for it, without prior authorization from<strong>XYZ<\/strong><strong>.<\/strong>\u00a0<\/p><p><strong>LINKS OR LINKS<\/strong>\u00a0<\/p><p>This website includes links to third party sites. The pages belonging to these third parties have not been reviewed and are not subject to controls by us, so that<strong>XYZ<\/strong>shall not be held responsible for the contents of these websites, nor for the measures taken in relation to your privacy or the processing of your personal data or any other data that may arise.\u00a0<\/p><p>For all these reasons, we recommend<strong>\u00a0<\/strong>careful reading of the terms of use, privacy policy, legal notices and\/or similar of these sites.\u00a0<\/p><p><strong>AMAZON AFFILIATE LINKS<\/strong>\u00a0<\/p><p>This website, in accordance with its purpose, uses Amazon affiliate links.\u00a0<\/p><p>This means that you will find links to Amazon products that you can access directly from our website but that, in your case, the purchase will be made on Amazon, under its own conditions at that time.\u00a0<\/p><p><strong>LIMITATION OF LIABILITY<\/strong>\u00a0<\/p><p>In exercise of your right as owner of this website, we inform you that\u00a0<strong>X<\/strong><strong>YZ<\/strong><strong>\u00a0<\/strong>shall in no event be liable for the following:\u00a0<\/p><p>The quality of the service, the speed of access, the correct functioning and the availability and continuity of the functioning of the site.\u00a0<\/p><p>The existence of viruses, malware, malicious or harmful programs in the contents.\u00a0<\/p><p>Illegal, negligent, fraudulent or contrary to this Legal Notice.\u00a0<\/p><p>The lack of legality, quality, reliability, usefulness and availability of the services provided by third parties and made available to users on this website.\u00a0<\/p><p>For damages that may arise from the illegal or improper use of this blog.\u00a0<\/p><p><strong>PRIVACY AND DATA PROTECTION POLICY<\/strong>\u00a0<\/p><p>This website complies with current legislation on data protection, which means that, as a user, you must give your express consent before providing personal data through the various forms made available in the sections of our site.\u00a0<\/p><p>To this end, for the sake of transparency and the exercise of your right, our duty is to inform you about the personal data we collect, store and process and for what purposes, having at any time the possibility to freely revoke your consent.\u00a0<\/p><p>All this information can be found in our\u00a0<strong>PRIVACY POLICY.<\/strong>\u00a0<\/p><p><strong>COOKIES POLICY<\/strong>\u00a0<\/p><p>As we inform you as soon as you access our website, this site uses its own and third party cookies in order to provide you with the best user experience and develop our activity.\u00a0<\/p><p>At any time, you will have the option to configure your browser to refuse the use of these cookies which, in some cases, will affect your user experience.\u00a0<\/p><p>To access complete information about the use of cookies on this website, their purpose and their rejection, you can consult our\u00a0<strong>COOKIES POLICY<\/strong>.\u00a0<\/p><p><strong>APPLICABLE LAW AND COMPETENT JURISDICTION<\/strong>\u00a0<\/p><p>This Legal Notice is subject to the Spanish legislation in force.\u00a0<\/p><p>If necessary, in the event of any legal dispute,\u00a0<strong>XYZ<\/strong>\u00a0and the user, expressly waiving any other jurisdiction, shall submit to the Courts and Tribunals of the User's domicile for any dispute that may arise.\u00a0<\/p><p>In the event that the user is domiciled outside Spain,<strong>XYZ<\/strong>and the user shall submit, expressly waiving any other jurisdiction, to the courts and tribunals of Barcelona (Spain).\u00a0<\/p><p>If you have any questions about this Legal Notice, you can send us an email at\u00a0<strong>XYZ<\/strong>.\u00a0<\/p>\t\t\t\t\t\t\t\t<\/div>\n\t\t\t\t<\/div>\n\t\t\t\t\t<\/div>\n\t\t\t\t<\/div>\n\t\t\t\t<\/div>","protected":false},"excerpt":{"rendered":"<p>Este Aviso Legal tiene el objetivo de informarte de tus derechos y obligaciones como usuario de este sitio web. Aqu\u00ed encontrar\u00e1s toda la informaci\u00f3n que necesitas sobre este sitio web, su actividad, los datos personales que recaba y su finalidad, as\u00ed como las normas de uso que regulan el uso de esta web.\u00a0\u00a0 En el [&hellip;]<\/p>\n","protected":false},"author":1,"featured_media":0,"parent":0,"menu_order":0,"comment_status":"closed","ping_status":"closed","template":"","meta":{"_acf_changed":false,"footnotes":""},"class_list":["post-21","page","type-page","status-publish","hentry"],"acf":[],"yoast_head":"<!-- This site is optimized with the Yoast SEO plugin v27.3 - https:\/\/yoast.com\/product\/yoast-seo-wordpress\/ -->\n<title>Aviso Legal | ShinyHit<\/title>\n<meta name=\"description\" content=\"Este Aviso Legal tiene el objetivo de informarte de tus derechos y obligaciones como usuario de este sitio web. Aqu\u00ed encontrar\u00e1s toda la informaci\u00f3n que\" \/>\n<meta name=\"robots\" content=\"index, follow, max-snippet:-1, max-image-preview:large, max-video-preview:-1\" \/>\n<link rel=\"canonical\" href=\"https:\/\/shinyhit.com\/en\/legal-notice\/\" \/>\n<meta property=\"og:locale\" content=\"en_US\" \/>\n<meta property=\"og:type\" content=\"article\" \/>\n<meta property=\"og:title\" content=\"Aviso Legal | ShinyHit\" \/>\n<meta property=\"og:description\" content=\"Este Aviso Legal tiene el objetivo de informarte de tus derechos y obligaciones como usuario de este sitio web. Aqu\u00ed encontrar\u00e1s toda la informaci\u00f3n que\" \/>\n<meta property=\"og:url\" content=\"https:\/\/shinyhit.com\/en\/legal-notice\/\" \/>\n<meta property=\"og:site_name\" content=\"ShinyHit\" \/>\n<meta property=\"article:modified_time\" content=\"2023-08-27T11:56:34+00:00\" \/>\n<meta name=\"twitter:card\" content=\"summary_large_image\" \/>\n<meta name=\"twitter:label1\" content=\"Est. reading time\" \/>\n\t<meta name=\"twitter:data1\" content=\"7 minutes\" \/>\n<script type=\"application\/ld+json\" class=\"yoast-schema-graph\">{\"@context\":\"https:\\\/\\\/schema.org\",\"@graph\":[{\"@type\":\"WebPage\",\"@id\":\"https:\\\/\\\/shinyhit.com\\\/aviso-legal\\\/\",\"url\":\"https:\\\/\\\/shinyhit.com\\\/aviso-legal\\\/\",\"name\":\"Aviso Legal | ShinyHit\",\"isPartOf\":{\"@id\":\"https:\\\/\\\/shinyhit.com\\\/#website\"},\"datePublished\":\"2023-08-27T11:55:22+00:00\",\"dateModified\":\"2023-08-27T11:56:34+00:00\",\"description\":\"Este Aviso Legal tiene el objetivo de informarte de tus derechos y obligaciones como usuario de este sitio web. Aqu\u00ed encontrar\u00e1s toda la informaci\u00f3n que\",\"breadcrumb\":{\"@id\":\"https:\\\/\\\/shinyhit.com\\\/aviso-legal\\\/#breadcrumb\"},\"inLanguage\":\"en-US\",\"potentialAction\":[{\"@type\":\"ReadAction\",\"target\":[\"https:\\\/\\\/shinyhit.com\\\/aviso-legal\\\/\"]}]},{\"@type\":\"BreadcrumbList\",\"@id\":\"https:\\\/\\\/shinyhit.com\\\/aviso-legal\\\/#breadcrumb\",\"itemListElement\":[{\"@type\":\"ListItem\",\"position\":1,\"name\":\"Punt Marketing\",\"item\":\"https:\\\/\\\/shinyhit.com\\\/\"},{\"@type\":\"ListItem\",\"position\":2,\"name\":\"Aviso Legal\"}]},{\"@type\":\"WebSite\",\"@id\":\"https:\\\/\\\/shinyhit.com\\\/#website\",\"url\":\"https:\\\/\\\/shinyhit.com\\\/\",\"name\":\"ShinyHit\",\"description\":\"Tienda de Pok\u00e9mon TCG\",\"publisher\":{\"@id\":\"https:\\\/\\\/shinyhit.com\\\/#organization\"},\"potentialAction\":[{\"@type\":\"SearchAction\",\"target\":{\"@type\":\"EntryPoint\",\"urlTemplate\":\"https:\\\/\\\/shinyhit.com\\\/?s={search_term_string}\"},\"query-input\":{\"@type\":\"PropertyValueSpecification\",\"valueRequired\":true,\"valueName\":\"search_term_string\"}}],\"inLanguage\":\"en-US\"},{\"@type\":\"Organization\",\"@id\":\"https:\\\/\\\/shinyhit.com\\\/#organization\",\"name\":\"ShinyHit\",\"url\":\"https:\\\/\\\/shinyhit.com\\\/\",\"logo\":{\"@type\":\"ImageObject\",\"inLanguage\":\"en-US\",\"@id\":\"https:\\\/\\\/shinyhit.com\\\/#\\\/schema\\\/logo\\\/image\\\/\",\"url\":\"https:\\\/\\\/shinyhit.com\\\/wp-content\\\/uploads\\\/2025\\\/09\\\/cropped-ShinyHit_horizontal_original.png\",\"contentUrl\":\"https:\\\/\\\/shinyhit.com\\\/wp-content\\\/uploads\\\/2025\\\/09\\\/cropped-ShinyHit_horizontal_original.png\",\"width\":1515,\"height\":405,\"caption\":\"ShinyHit\"},\"image\":{\"@id\":\"https:\\\/\\\/shinyhit.com\\\/#\\\/schema\\\/logo\\\/image\\\/\"}}]}<\/script>\n<!-- \/ Yoast SEO plugin. -->","yoast_head_json":{"title":"Legal Notice | ShinyHit","description":"This Legal Notice is intended to inform you of your rights and obligations as a user of this website. Here you will find all the information that","robots":{"index":"index","follow":"follow","max-snippet":"max-snippet:-1","max-image-preview":"max-image-preview:large","max-video-preview":"max-video-preview:-1"},"canonical":"https:\/\/shinyhit.com\/en\/legal-notice\/","og_locale":"en_US","og_type":"article","og_title":"Aviso Legal | ShinyHit","og_description":"Este Aviso Legal tiene el objetivo de informarte de tus derechos y obligaciones como usuario de este sitio web. Aqu\u00ed encontrar\u00e1s toda la informaci\u00f3n que","og_url":"https:\/\/shinyhit.com\/en\/legal-notice\/","og_site_name":"ShinyHit","article_modified_time":"2023-08-27T11:56:34+00:00","twitter_card":"summary_large_image","twitter_misc":{"Est. reading time":"7 minutes"},"schema":{"@context":"https:\/\/schema.org","@graph":[{"@type":"WebPage","@id":"https:\/\/shinyhit.com\/aviso-legal\/","url":"https:\/\/shinyhit.com\/aviso-legal\/","name":"Legal Notice | ShinyHit","isPartOf":{"@id":"https:\/\/shinyhit.com\/#website"},"datePublished":"2023-08-27T11:55:22+00:00","dateModified":"2023-08-27T11:56:34+00:00","description":"This Legal Notice is intended to inform you of your rights and obligations as a user of this website. Here you will find all the information that","breadcrumb":{"@id":"https:\/\/shinyhit.com\/aviso-legal\/#breadcrumb"},"inLanguage":"en-US","potentialAction":[{"@type":"ReadAction","target":["https:\/\/shinyhit.com\/aviso-legal\/"]}]},{"@type":"BreadcrumbList","@id":"https:\/\/shinyhit.com\/aviso-legal\/#breadcrumb","itemListElement":[{"@type":"ListItem","position":1,"name":"Punt Marketing","item":"https:\/\/shinyhit.com\/"},{"@type":"ListItem","position":2,"name":"Aviso Legal"}]},{"@type":"WebSite","@id":"https:\/\/shinyhit.com\/#website","url":"https:\/\/shinyhit.com\/","name":"ShinyHit","description":"Pok\u00e9mon TCG Store","publisher":{"@id":"https:\/\/shinyhit.com\/#organization"},"potentialAction":[{"@type":"SearchAction","target":{"@type":"EntryPoint","urlTemplate":"https:\/\/shinyhit.com\/?s={search_term_string}"},"query-input":{"@type":"PropertyValueSpecification","valueRequired":true,"valueName":"search_term_string"}}],"inLanguage":"en-US"},{"@type":"Organization","@id":"https:\/\/shinyhit.com\/#organization","name":"ShinyHit","url":"https:\/\/shinyhit.com\/","logo":{"@type":"ImageObject","inLanguage":"en-US","@id":"https:\/\/shinyhit.com\/#\/schema\/logo\/image\/","url":"https:\/\/shinyhit.com\/wp-content\/uploads\/2025\/09\/cropped-ShinyHit_horizontal_original.png","contentUrl":"https:\/\/shinyhit.com\/wp-content\/uploads\/2025\/09\/cropped-ShinyHit_horizontal_original.png","width":1515,"height":405,"caption":"ShinyHit"},"image":{"@id":"https:\/\/shinyhit.com\/#\/schema\/logo\/image\/"}}]}},"_links":{"self":[{"href":"https:\/\/shinyhit.com\/en\/wp-json\/wp\/v2\/pages\/21","targetHints":{"allow":["GET"]}}],"collection":[{"href":"https:\/\/shinyhit.com\/en\/wp-json\/wp\/v2\/pages"}],"about":[{"href":"https:\/\/shinyhit.com\/en\/wp-json\/wp\/v2\/types\/page"}],"author":[{"embeddable":true,"href":"https:\/\/shinyhit.com\/en\/wp-json\/wp\/v2\/users\/1"}],"replies":[{"embeddable":true,"href":"https:\/\/shinyhit.com\/en\/wp-json\/wp\/v2\/comments?post=21"}],"version-history":[{"count":4,"href":"https:\/\/shinyhit.com\/en\/wp-json\/wp\/v2\/pages\/21\/revisions"}],"predecessor-version":[{"id":25,"href":"https:\/\/shinyhit.com\/en\/wp-json\/wp\/v2\/pages\/21\/revisions\/25"}],"wp:attachment":[{"href":"https:\/\/shinyhit.com\/en\/wp-json\/wp\/v2\/media?parent=21"}],"curies":[{"name":"wp","href":"https:\/\/api.w.org\/{rel}","templated":true}]}}